{"id":12900,"date":"2025-05-12T12:32:42","date_gmt":"2025-05-12T10:32:42","guid":{"rendered":"https:\/\/lfjglobal.com\/politica-privacidad\/"},"modified":"2026-02-13T09:51:19","modified_gmt":"2026-02-13T08:51:19","slug":"politica-privacitat","status":"publish","type":"page","link":"https:\/\/lfjglobal.com\/ca\/politica-privacitat\/","title":{"rendered":"Pol\u00edtica de privacitat"},"content":{"rendered":"\t\t<div data-elementor-type=\"wp-page\" data-elementor-id=\"12900\" class=\"elementor elementor-12900 elementor-8305\" data-elementor-post-type=\"page\">\n\t\t\t\t<div class=\"elementor-element elementor-element-c5ec5b4 e-flex e-con-boxed qodef-elementor-content-no e-con e-parent\" data-id=\"c5ec5b4\" data-element_type=\"container\" data-settings=\"{&quot;background_background&quot;:&quot;classic&quot;}\">\n\t\t\t\t\t<div class=\"e-con-inner\">\n\t\t\t\t<div class=\"elementor-element elementor-element-a0244cf elementor-widget elementor-widget-globefarer_core_section_title\" data-id=\"a0244cf\" data-element_type=\"widget\" data-widget_type=\"globefarer_core_section_title.default\">\n\t\t\t\t<div class=\"elementor-widget-container\">\n\t\t\t\t\t<div class=\"qodef-shortcode qodef-m  qodef-section-title qodef-alignment--left   qodef-appear-animation--no\">\n\t\t\t<h2 class=\"qodef-m-title\" >\n\t\t\t\t\tPol\u00edtica de privacitat\t\t\t<\/h2>\n\t\t<\/div>\n\t\t\t\t<\/div>\n\t\t\t\t<\/div>\n\t\t\t\t<div class=\"elementor-element elementor-element-0ddfa4d elementor-widget elementor-widget-text-editor\" data-id=\"0ddfa4d\" data-element_type=\"widget\" data-widget_type=\"text-editor.default\">\n\t\t\t\t<div class=\"elementor-widget-container\">\n\t\t\t\t\t\t\t\t\tA LAFORJA SISTEMAS, S.L. treballem per oferir-te, a trav\u00e9s dels nostres productes i serveis, la millor experi\u00e8ncia possible. En alguns casos, \u00e9s necessari recollir informaci\u00f3 per aconseguir-ho. Ens importa la teva privacitat i creiem que hem de ser transparents al respecte.\n\nLAFORJA SISTEMAS, S.L. est\u00e0 profundament compromesa amb el compliment de la normativa espanyola i europea de protecci\u00f3 de dades de car\u00e0cter personal, i garanteix el compliment \u00edntegre de les obligacions establertes, aix\u00ed com la implementaci\u00f3 de les mesures de seguretat disposades al Reglament General de Protecci\u00f3 de Dades (RGPD) (UE) 2016\/679 i a la Llei Org\u00e0nica 3\/2018, de 5 de desembre, sobre protecci\u00f3 de dades i drets digitals (LOPD i GDD, d\u2019ara endavant LOPD).\n\nDe conformitat amb aquestes normatives, informem que la utilitzaci\u00f3 del nostre blog pot requerir que es facilitin determinades dades personals a trav\u00e9s de formularis de registre o contacte, o mitjan\u00e7ant l\u2019enviament de correus electr\u00f2nics, i que aquestes seran objecte de tractament per part de LAFORJA SISTEMAS, S.L., Responsable del tractament.\n\nEl nostre comprom\u00eds comen\u00e7a per explicar-te el seg\u00fcent:\n\n<ul> <li>Es recullen les teves dades perqu\u00e8 l\u2019experi\u00e8ncia d\u2019usuari millori, atenent als teus interessos i necessitats.<\/li> <li>Som transparents en relaci\u00f3 amb les dades que obtenim sobre tu i la ra\u00f3 per la qual ho fem.<\/li> <li>La nostra intenci\u00f3 \u00e9s oferir-te la millor experi\u00e8ncia possible. Per aix\u00f2, quan h\u00e0gim d\u2019utilitzar la teva informaci\u00f3 personal ho farem sempre complint la normativa, i quan sigui necessari, sol\u00b7licitarem el teu consentiment.<\/li> <li>Entenem que les teves dades et pertanyen. Per tant, si decideixes no autoritzar-nos a processar-les, pots sol\u00b7licitar-nos que deixem de tractar-les.<\/li> <li>La nostra prioritat consisteix a garantir la teva seguretat i tractar les teves dades d\u2019acord amb la normativa europea.<\/li> <\/ul> <h3>Qui \u00e9s el responsable del tractament de les seves dades personals?<\/h3> <strong>Denominaci\u00f3 Social:<\/strong> LAFORJA SISTEMAS, S.L.\n\n<strong>NIF:<\/strong> B61287033\n\n<strong>Domicili Social:<\/strong> Cam\u00ed del Mig, 106 &#8211; Pol. Ind. Les Corts \u2013 08349 Cabrera de Mar\n\n<strong>Tel\u00e8fon:<\/strong> 93 755 21 51\n\n<strong>Email:<\/strong> corporate@laforja.com\n\nLAFORJA SISTEMAS, S.L. ha designat un Delegat de Protecci\u00f3 de Dades o una persona de contacte interna dins la seva organitzaci\u00f3. Si desitges fer una consulta en relaci\u00f3 amb el tractament de les teves dades personals, pots posar-te en contacte amb ell mitjan\u00e7ant el correu corporate@laforja.com\n.\n\n<h3>Obtenci\u00f3 i Tractament de Dades Personals<\/h3> Una dada personal \u00e9s qualsevol informaci\u00f3 relativa a una persona: nom, email, domicili, tel\u00e8fon, NIF\/NIE\u2026 Addicionalment, quan un Usuari visita el nostre lloc web, determinada informaci\u00f3 s\u2019emmagatzema autom\u00e0ticament per motius t\u00e8cnics, com ara l\u2019adre\u00e7a IP assignada pel seu prove\u00efdor d\u2019acc\u00e9s a Internet.\n\nLAFORJA SISTEMAS, S.L., com a Responsable del Tractament, t\u00e9 el deure d\u2019informar els Usuaris del seu lloc web sobre la recollida de dades de car\u00e0cter personal que es poden dur a terme, ja sigui mitjan\u00e7ant l\u2019enviament de correu electr\u00f2nic o en omplir els formularis inclosos al lloc web.\n\n<h3>Dades que es poden recollir<\/h3> <ul> <li>Nom i Cognoms<\/li> <li>N\u00famero de tel\u00e8fon<\/li> <li>Adre\u00e7a i CP<\/li> <li>Correu electr\u00f2nic<\/li> <li>Ubicaci\u00f3<\/li> <li>Adre\u00e7a IP, data i hora d\u2019acc\u00e9s, navegador d\u2019internet i sistema operatiu del dispositiu<\/li> <\/ul>\n\nEn alguns casos, \u00e9s obligatori omplir el formulari de registre per accedir a determinats serveis; no facilitar les dades sol\u00b7licitades o no acceptar aquesta pol\u00edtica pot impedir el registre o la participaci\u00f3 en promocions.\n\nNom\u00e9s s\u2019obtindran les dades estrictament necess\u00e0ries per poder prestar el servei contractat o respondre adequadament a la sol\u00b7licitud d\u2019informaci\u00f3. No es recullen dades especialment protegides, ni es far\u00e0 un \u00fas diferent del que s\u2019indica.\n\n<h3>Formularis de Contacte \/ Email<\/h3> Finalitat: Donar resposta a sol\u00b7licituds d\u2019informaci\u00f3.\n\nLegitimaci\u00f3: Consentiment de l\u2019Usuari, revocable en qualsevol moment.\n\nEn alguns casos ser\u00e0 necessari facilitar informaci\u00f3 a Autoritats o tercers per auditoria, factures, contractes o reclamacions.\n\n<h3>Conservaci\u00f3 de Dades<\/h3> Les dades es mantindran nom\u00e9s el temps estrictament necessari per complir la seva finalitat, fins que l\u2019usuari revoqui el consentiment o es compleixin obligacions legals. <h3>Emmagatzematge de Dades<\/h3> Les dades s\u2019emmagatzemen dins de la UE. Si s\u2019envien a tercers fora de la UE, s\u2019assegurar\u00e0 un nivell de protecci\u00f3 suficient mitjan\u00e7ant Normes Corporatives Vinculants (BCR). <h3>Menors d\u2019Edat<\/h3> Els serveis no van dirigits a menors. Per a menors de 14 anys es requereix el consentiment dels tutors legals amb identificaci\u00f3. Per a majors de 14 anys, el consentiment del propi usuari, llevat que la llei exigeixi el dels pares o tutors. <h3>Mesures de Seguretat<\/h3> S\u2019han adoptat mesures t\u00e8cniques i organitzatives per evitar la p\u00e8rdua, mal \u00fas, alteraci\u00f3, acc\u00e9s no autoritzat i robatori de dades. Es garanteix la confidencialitat, integritat i qualitat de la informaci\u00f3. El lloc web compta amb xifratge SSL per a l\u2019enviament segur de dades. <h3>Veracitat de les Dades<\/h3> L\u2019usuari \u00e9s responsable de la veracitat i actualitzaci\u00f3 de les dades proporcionades. LAFORJA SISTEMAS, S.L. pot finalitzar serveis si les dades s\u00f3n falses, incompletes o incorrectes. <h3>Cessi\u00f3 de Dades<\/h3> LAFORJA SISTEMAS, S.L. no cedir\u00e0 dades llevat d\u2019obligaci\u00f3 legal o necessitat contractual amb Encarregats del Tractament (plataformes de pagament, gestories, intermediaris). L\u2019usuari pot oposar-s\u2019hi mitjan\u00e7ant petici\u00f3 escrita. <h3>Exercici de Drets de l\u2019Usuari<\/h3> Els usuaris poden exercir els drets d\u2019acc\u00e9s, rectificaci\u00f3, supressi\u00f3, limitaci\u00f3, oposici\u00f3, portabilitat i retirada del consentiment mitjan\u00e7ant correu a <strong>corporate@laforja.com<\/strong> o comunicaci\u00f3 escrita al nostre Av\u00eds Legal. <h3>Enlla\u00e7os a altres llocs web<\/h3> Els enlla\u00e7os externs estan subjectes a la pol\u00edtica de privacitat d\u2019aquests llocs. LAFORJA SISTEMAS, S.L. no es responsabilitza d\u2019aquestes pol\u00edtiques. <h3>Confidencialitat<\/h3> La informaci\u00f3 subministrada tindr\u00e0 la consideraci\u00f3 de confidencial i no ser\u00e0 utilitzada per a finalitats diferents de les descrites. <h3>\u00das de Cookies<\/h3> S\u2019utilitzen cookies per optimitzar i personalitzar la navegaci\u00f3. La informaci\u00f3 recopilada no s\u2019associar\u00e0 a dades personals. L\u2019usuari pot configurar el seu navegador per rebutjar-les. <h3>Validesa i Modificaci\u00f3<\/h3> Aquesta pol\u00edtica pot variar segons canvis normatius i jurisprudencials. \u00c9s responsabilitat de l\u2019usuari consultar la versi\u00f3 actualitzada per con\u00e8ixer els seus drets i obligacions.\t\t\t\t\t\t\t\t<\/div>\n\t\t\t\t<\/div>\n\t\t\t\t\t<\/div>\n\t\t\t\t<\/div>\n\t\t\t\t<\/div>\n\t\t","protected":false},"excerpt":{"rendered":"<p>Pol\u00edtica de privacitat A LAFORJA SISTEMAS, S.L. treballem per oferir-te, a trav\u00e9s dels nostres productes i serveis, la millor experi\u00e8ncia possible. En alguns casos, \u00e9s necessari recollir informaci\u00f3 per aconseguir-ho. Ens importa la teva privacitat i creiem que hem de ser transparents al respecte. LAFORJA SISTEMAS, S.L. est\u00e0 profundament compromesa amb el compliment de la [&hellip;]<\/p>\n","protected":false},"author":1,"featured_media":0,"parent":0,"menu_order":0,"comment_status":"closed","ping_status":"closed","template":"","meta":{"footnotes":""},"class_list":["post-12900","page","type-page","status-publish","hentry"],"_links":{"self":[{"href":"https:\/\/lfjglobal.com\/ca\/wp-json\/wp\/v2\/pages\/12900","targetHints":{"allow":["GET"]}}],"collection":[{"href":"https:\/\/lfjglobal.com\/ca\/wp-json\/wp\/v2\/pages"}],"about":[{"href":"https:\/\/lfjglobal.com\/ca\/wp-json\/wp\/v2\/types\/page"}],"author":[{"embeddable":true,"href":"https:\/\/lfjglobal.com\/ca\/wp-json\/wp\/v2\/users\/1"}],"replies":[{"embeddable":true,"href":"https:\/\/lfjglobal.com\/ca\/wp-json\/wp\/v2\/comments?post=12900"}],"version-history":[{"count":4,"href":"https:\/\/lfjglobal.com\/ca\/wp-json\/wp\/v2\/pages\/12900\/revisions"}],"predecessor-version":[{"id":12905,"href":"https:\/\/lfjglobal.com\/ca\/wp-json\/wp\/v2\/pages\/12900\/revisions\/12905"}],"wp:attachment":[{"href":"https:\/\/lfjglobal.com\/ca\/wp-json\/wp\/v2\/media?parent=12900"}],"curies":[{"name":"wp","href":"https:\/\/api.w.org\/{rel}","templated":true}]}}