{"id":12753,"date":"2025-05-28T10:58:46","date_gmt":"2025-05-28T08:58:46","guid":{"rendered":"https:\/\/lfjglobal.com\/contacto\/"},"modified":"2026-02-13T09:24:09","modified_gmt":"2026-02-13T08:24:09","slug":"contacte","status":"publish","type":"page","link":"https:\/\/lfjglobal.com\/ca\/contacte\/","title":{"rendered":"Contacte"},"content":{"rendered":"\t\t<div data-elementor-type=\"wp-page\" data-elementor-id=\"12753\" class=\"elementor elementor-12753 elementor-9495\" data-elementor-post-type=\"page\">\n\t\t\t\t<div class=\"elementor-element elementor-element-f0eb107 e-con-full e-flex qodef-elementor-content-no e-con e-parent\" data-id=\"f0eb107\" data-element_type=\"container\">\n\t\t\t\t<div class=\"elementor-element elementor-element-adc241d elementor-widget__width-initial elementor-widget elementor-widget-google_maps\" data-id=\"adc241d\" data-element_type=\"widget\" data-widget_type=\"google_maps.default\">\n\t\t\t\t<div class=\"elementor-widget-container\">\n\t\t\t\t\t\t\t<div class=\"elementor-custom-embed\">\n\t\t\t<iframe loading=\"lazy\"\n\t\t\t\t\tsrc=\"https:\/\/maps.google.com\/maps?q=Laforja%20Sistemas%2C%20S.L.&#038;t=m&#038;z=14&#038;output=embed&#038;iwloc=near\"\n\t\t\t\t\ttitle=\"Laforja Sistemas, S.L.\"\n\t\t\t\t\taria-label=\"Laforja Sistemas, S.L.\"\n\t\t\t><\/iframe>\n\t\t<\/div>\n\t\t\t\t\t\t<\/div>\n\t\t\t\t<\/div>\n\t\t\t\t<\/div>\n\t\t<div class=\"elementor-element elementor-element-18df262 e-flex e-con-boxed qodef-elementor-content-no e-con e-parent\" data-id=\"18df262\" data-element_type=\"container\">\n\t\t\t\t\t<div class=\"e-con-inner\">\n\t\t\t\t<div class=\"elementor-element elementor-element-7c4365c elementor-widget elementor-widget-shortcode\" data-id=\"7c4365c\" data-element_type=\"widget\" data-widget_type=\"shortcode.default\">\n\t\t\t\t<div class=\"elementor-widget-container\">\n\t\t\t\t\t\t\t<div class=\"elementor-shortcode\"><div class=\"shortcode-ancho\">\n    \t\t<div data-elementor-type=\"section\" data-elementor-id=\"12390\" class=\"elementor elementor-12390 elementor-8702 elementor-8702\" data-elementor-post-type=\"elementor_library\">\n\t\t\t\t\t<section class=\"elementor-section elementor-top-section elementor-element elementor-element-70348987 elementor-section-full_width qodef-elementor-content-grid elementor-section-height-default elementor-section-height-default\" data-id=\"70348987\" data-element_type=\"section\">\n\t\t\t\t\t\t<div class=\"elementor-container elementor-column-gap-no\">\n\t\t\t\t\t<div class=\"elementor-column elementor-col-50 elementor-top-column elementor-element elementor-element-3fa29871\" data-id=\"3fa29871\" data-element_type=\"column\">\n\t\t\t<div class=\"elementor-widget-wrap elementor-element-populated\">\n\t\t\t\t\t\t<div class=\"elementor-element elementor-element-4ce41357 elementor-widget elementor-widget-globefarer_core_section_title\" data-id=\"4ce41357\" data-element_type=\"widget\" data-widget_type=\"globefarer_core_section_title.default\">\n\t\t\t\t<div class=\"elementor-widget-container\">\n\t\t\t\t\t<div class=\"qodef-shortcode qodef-m  qodef-section-title qodef-alignment--left   qodef-appear-animation--no\">\n\t\t\t<h2 class=\"qodef-m-title\" style=\"color: #201E5B\">\n\t\t\t\t\tEn qu\u00e8 et podem ajudar? \t\t\t<\/h2>\n\t\t<\/div>\n\t\t\t\t<\/div>\n\t\t\t\t<\/div>\n\t\t\t\t<div class=\"elementor-element elementor-element-14aaae85 elementor-widget elementor-widget-text-editor\" data-id=\"14aaae85\" data-element_type=\"widget\" data-widget_type=\"text-editor.default\">\n\t\t\t\t<div class=\"elementor-widget-container\">\n\t\t\t\t\t\t\t\t\t<p><span class=\"TextRun SCXW168849697 BCX0\" lang=\"CA-ES\" xml:lang=\"CA-ES\" data-contrast=\"auto\"><span class=\"NormalTextRun SCXW168849697 BCX0\" data-ccp-parastyle=\"No Spacing\">Contactem amb tu sense comprom\u00eds.<\/span><\/span><span class=\"LineBreakBlob BlobObject DragDrop SCXW168849697 BCX0\"><span class=\"SCXW168849697 BCX0\">\u00a0<\/span><br class=\"SCXW168849697 BCX0\" \/><\/span><span class=\"TextRun SCXW168849697 BCX0\" lang=\"CA-ES\" xml:lang=\"CA-ES\" data-contrast=\"auto\"><span class=\"NormalTextRun SCXW168849697 BCX0\" data-ccp-parastyle=\"No Spacing\">Omple aquest formulari o, si ho prefereixes, truca\u2019ns al<\/span><\/span><span class=\"LineBreakBlob BlobObject DragDrop SCXW168849697 BCX0\"><span class=\"SCXW168849697 BCX0\">\u00a0<\/span><br class=\"SCXW168849697 BCX0\" \/><\/span><\/p>\t\t\t\t\t\t\t\t<\/div>\n\t\t\t\t<\/div>\n\t\t\t\t<div class=\"elementor-element elementor-element-3faf958c elementor-widget elementor-widget-text-editor\" data-id=\"3faf958c\" data-element_type=\"widget\" data-widget_type=\"text-editor.default\">\n\t\t\t\t<div class=\"elementor-widget-container\">\n\t\t\t\t\t\t\t\t\t<h2>+34 937 552 151<\/h2><p><span class=\"TextRun SCXW168849697 BCX0\" lang=\"CA-ES\" xml:lang=\"CA-ES\" data-contrast=\"auto\"><span class=\"NormalTextRun SCXW168849697 BCX0\" data-ccp-parastyle=\"No Spacing\">o escriu-nos a<\/span><\/span><span class=\"LineBreakBlob BlobObject DragDrop SCXW168849697 BCX0\"><span class=\"SCXW168849697 BCX0\">\u00a0<\/span><br class=\"SCXW168849697 BCX0\" \/><\/span><\/p><h5><a href=\"mailto:contact@lfjglobal.com\">contact@LFJglobal.com<\/a><\/h5>\t\t\t\t\t\t\t\t<\/div>\n\t\t\t\t<\/div>\n\t\t\t\t\t<\/div>\n\t\t<\/div>\n\t\t\t\t<div class=\"elementor-column elementor-col-50 elementor-top-column elementor-element elementor-element-7d2d29d1\" data-id=\"7d2d29d1\" data-element_type=\"column\">\n\t\t\t<div class=\"elementor-widget-wrap elementor-element-populated\">\n\t\t\t\t\t\t<div class=\"elementor-element elementor-element-1e4a24d9 elementor-widget elementor-widget-wp-widget-globefarer_core_contact_form_7\" data-id=\"1e4a24d9\" data-element_type=\"widget\" data-widget_type=\"wp-widget-globefarer_core_contact_form_7.default\">\n\t\t\t\t<div class=\"elementor-widget-container\">\n\t\t\t\t\t\t\t\t<div class=\"qodef-contact-form-7\">\n\t\t\t\t\n<div class=\"wpcf7 no-js\" id=\"wpcf7-f12648-o1\" lang=\"ca\" dir=\"ltr\" data-wpcf7-id=\"12648\">\n<div class=\"screen-reader-response\"><p role=\"status\" aria-live=\"polite\" aria-atomic=\"true\"><\/p> <ul><\/ul><\/div>\n<form action=\"\/ca\/wp-json\/wp\/v2\/pages\/12753#wpcf7-f12648-o1\" method=\"post\" class=\"wpcf7-form init\" aria-label=\"Formulari de contacte\" novalidate=\"novalidate\" data-status=\"init\">\n<fieldset class=\"hidden-fields-container\"><input type=\"hidden\" name=\"_wpcf7\" value=\"12648\" \/><input type=\"hidden\" name=\"_wpcf7_version\" value=\"6.1.5\" \/><input type=\"hidden\" name=\"_wpcf7_locale\" value=\"ca\" \/><input type=\"hidden\" name=\"_wpcf7_unit_tag\" value=\"wpcf7-f12648-o1\" \/><input type=\"hidden\" name=\"_wpcf7_container_post\" value=\"0\" \/><input type=\"hidden\" name=\"_wpcf7_posted_data_hash\" value=\"\" \/>\n<\/fieldset>\n<div class=\"qodef-m-input\">\n<div class=\"qodef-m-input-holder\"><span class=\"wpcf7-form-control-wrap\" data-name=\"nombre\"><input size=\"40\" maxlength=\"400\" class=\"wpcf7-form-control wpcf7-text wpcf7-validates-as-required\" aria-required=\"true\" aria-invalid=\"false\" placeholder=\"Nom*\" value=\"\" type=\"text\" name=\"nombre\" \/><\/span><\/div>\n<div class=\"qodef-m-input-holder\"><span class=\"wpcf7-form-control-wrap\" data-name=\"email\"><input size=\"40\" maxlength=\"400\" class=\"wpcf7-form-control wpcf7-text wpcf7-validates-as-required\" aria-required=\"true\" aria-invalid=\"false\" placeholder=\"Correu electr\u00f2nic*\" value=\"\" type=\"text\" name=\"email\" \/><\/span><\/div>\n<div class=\"qodef-m-input-holder\"><span class=\"wpcf7-form-control-wrap\" data-name=\"tel-557\"><input size=\"40\" maxlength=\"400\" class=\"wpcf7-form-control wpcf7-tel wpcf7-text wpcf7-validates-as-tel\" aria-invalid=\"false\" placeholder=\"Tel\u00e8fon\" value=\"\" type=\"tel\" name=\"tel-557\" \/><\/span><\/div>\n<div class=\"qodef-m-input-holder\"><span class=\"wpcf7-form-control-wrap\" data-name=\"text-351\"><input size=\"40\" maxlength=\"400\" class=\"wpcf7-form-control wpcf7-text\" aria-invalid=\"false\" placeholder=\"Empresa\" value=\"\" type=\"text\" name=\"text-351\" \/><\/span><\/div>\n<div class=\"qodef-m-input-holder\"><span class=\"wpcf7-form-control-wrap\" data-name=\"message\"><textarea cols=\"40\" rows=\"10\" maxlength=\"2000\" class=\"wpcf7-form-control wpcf7-textarea\" aria-invalid=\"false\" placeholder=\"En qu\u00e8 et podem ajudar?\" name=\"message\"><\/textarea><\/span><\/div>\n\n<div class=\"text-legal\">\n<b>RESPONSABLE TRACTAMENT:<\/b> LFJ<br\/>\n<b>FINALITAT:<\/b> Atendre la sol\u00b7licitud de l'usuari.<br\/>\n<b>LEGITIMACI\u00d3:<\/b> Consentiment de l'interessat.<br\/>\n<b>CESSIONS:<\/b> No es preveuen cessions, excepte per obligaci\u00f3 legal o requeriment judicial.<br\/>\n<b>DRETS:<\/b> Acc\u00e9s, rectificaci\u00f3, supressi\u00f3, oposici\u00f3, limitaci\u00f3, portabilitat, revocaci\u00f3 del consentiment. Si considera que el tractament de les seves dades no s'ajusta a la normativa, pot rec\u00f3rrer a l'Autoritat de Control (www.aepd.es).<br\/>\n<b>INFORMACI\u00d3 ADICIONAL:<\/b> m\u00e9s informaci\u00f3 a la nostra Pol\u00edtica de privacitat.\n\n<div class=\"form-accept\">\n<span class=\"wpcf7-form-control-wrap\" data-name=\"acceptance-243\"><span class=\"wpcf7-form-control wpcf7-acceptance\"><span class=\"wpcf7-list-item\"><label><input type=\"checkbox\" name=\"acceptance-243\" value=\"1\" aria-invalid=\"false\" \/><span class=\"wpcf7-list-item-label\">Accepto que es tractin les meves dades per atendre la sol\u00b7licitud.<\/span><\/label><\/span><\/span><\/span>\n<\/div>\n<\/div>\n\n<\/div>\n<div class=\"cloudflare\">\n<div class=\"wpcf7-turnstile cf-turnstile\" data-sitekey=\"0x4AAAAAACE8Kq0hqGjttJer\" data-response-field-name=\"_wpcf7_turnstile_response\"><\/div>\n<\/div>\n\n<div class=\"qodef-m-input-buttons\">\n\n<button class=\"wpcf7-form-control wpcf7-submit qodef-button qodef-size--normal qodef-layout--filled qodef-m\" type=\"submit\"><span class=\"qodef-m-button-icon\"><svg class=\"qodef-svg--plus\" xmlns=\"http:\/\/www.w3.org\/2000\/svg\" xmlns:xlink=\"http:\/\/www.w3.org\/1999\/xlink\" width=\"14\" height=\"14\" viewBox=\"0 0 14 14\"><path class=\"qodef-m-horizontal\" d=\"M0,0H14V2H0Z\" transform=\"translate(0 6)\" \/><path class=\"qodef-m-vertical\" d=\"M0,0H2V14H0Z\" transform=\"translate(6)\" \/><\/svg><\/span><span class=\"qodef-m-button-text\">Enviar missatge<\/span><\/button><\/div><div class=\"wpcf7-response-output\" aria-hidden=\"true\"><\/div>\n<\/form>\n<\/div>\n\t\t\t<\/div>\n\t\t\t\t\t\t\t<\/div>\n\t\t\t\t<\/div>\n\t\t\t\t\t<\/div>\n\t\t<\/div>\n\t\t\t\t\t<\/div>\n\t\t<\/section>\n\t\t\t\t<\/div>\n\t\t\n<\/div>\n<\/div>\n\t\t\t\t\t\t<\/div>\n\t\t\t\t<\/div>\n\t\t\t\t\t<\/div>\n\t\t\t\t<\/div>\n\t\t\t\t<\/div>\n\t\t","protected":false},"excerpt":{"rendered":"","protected":false},"author":1,"featured_media":0,"parent":0,"menu_order":0,"comment_status":"closed","ping_status":"closed","template":"page-full-width.php","meta":{"footnotes":""},"class_list":["post-12753","page","type-page","status-publish","hentry"],"_links":{"self":[{"href":"https:\/\/lfjglobal.com\/ca\/wp-json\/wp\/v2\/pages\/12753","targetHints":{"allow":["GET"]}}],"collection":[{"href":"https:\/\/lfjglobal.com\/ca\/wp-json\/wp\/v2\/pages"}],"about":[{"href":"https:\/\/lfjglobal.com\/ca\/wp-json\/wp\/v2\/types\/page"}],"author":[{"embeddable":true,"href":"https:\/\/lfjglobal.com\/ca\/wp-json\/wp\/v2\/users\/1"}],"replies":[{"embeddable":true,"href":"https:\/\/lfjglobal.com\/ca\/wp-json\/wp\/v2\/comments?post=12753"}],"version-history":[{"count":1,"href":"https:\/\/lfjglobal.com\/ca\/wp-json\/wp\/v2\/pages\/12753\/revisions"}],"predecessor-version":[{"id":12789,"href":"https:\/\/lfjglobal.com\/ca\/wp-json\/wp\/v2\/pages\/12753\/revisions\/12789"}],"wp:attachment":[{"href":"https:\/\/lfjglobal.com\/ca\/wp-json\/wp\/v2\/media?parent=12753"}],"curies":[{"name":"wp","href":"https:\/\/api.w.org\/{rel}","templated":true}]}}