{"id":12623,"date":"2021-08-09T10:56:57","date_gmt":"2021-08-09T08:56:57","guid":{"rendered":"https:\/\/lfjglobal.com\/blog\/"},"modified":"2026-02-10T11:08:10","modified_gmt":"2026-02-10T10:08:10","slug":"blog","status":"publish","type":"page","link":"https:\/\/lfjglobal.com\/ca\/blog\/","title":{"rendered":"Blog"},"content":{"rendered":"\t\t<div data-elementor-type=\"wp-page\" data-elementor-id=\"12623\" class=\"elementor elementor-12623 elementor-2996\" data-elementor-post-type=\"page\">\n\t\t\t\t\t\t<section class=\"elementor-section elementor-top-section elementor-element elementor-element-c357132 elementor-section-full_width elementor-section-stretched elementor-section-height-min-height elementor-section-height-default elementor-section-items-middle qodef-elementor-content-no\" data-id=\"c357132\" data-element_type=\"section\" data-settings=\"{&quot;background_background&quot;:&quot;classic&quot;,&quot;stretch_section&quot;:&quot;section-stretched&quot;}\">\n\t\t\t\t\t\t<div class=\"elementor-container elementor-column-gap-no\">\n\t\t\t\t\t<div class=\"elementor-column elementor-col-100 elementor-top-column elementor-element elementor-element-703df79\" data-id=\"703df79\" data-element_type=\"column\">\n\t\t\t<div class=\"elementor-widget-wrap elementor-element-populated\">\n\t\t\t\t\t\t<div class=\"elementor-element elementor-element-959e9c4 elementor-widget__width-initial elementor-widget-mobile__width-inherit elementor-widget elementor-widget-heading\" data-id=\"959e9c4\" data-element_type=\"widget\" data-widget_type=\"heading.default\">\n\t\t\t\t<div class=\"elementor-widget-container\">\n\t\t\t\t\t<h1 class=\"elementor-heading-title elementor-size-default\">\u00daltimes not\u00edcies <\/h1>\t\t\t\t<\/div>\n\t\t\t\t<\/div>\n\t\t\t\t\t<\/div>\n\t\t<\/div>\n\t\t\t\t\t<\/div>\n\t\t<\/section>\n\t\t\t\t<section class=\"elementor-section elementor-top-section elementor-element elementor-element-7c57b1ca qodef-elementor-content-grid elementor-section-boxed elementor-section-height-default elementor-section-height-default\" data-id=\"7c57b1ca\" data-element_type=\"section\">\n\t\t\t\t\t\t<div class=\"elementor-container elementor-column-gap-default\">\n\t\t\t\t\t<div class=\"elementor-column elementor-col-100 elementor-top-column elementor-element elementor-element-478d467\" data-id=\"478d467\" data-element_type=\"column\">\n\t\t\t<div class=\"elementor-widget-wrap elementor-element-populated\">\n\t\t\t\t\t\t<div class=\"elementor-element elementor-element-30473978 elementor-widget elementor-widget-globefarer_core_blog_list\" data-id=\"30473978\" data-element_type=\"widget\" data-widget_type=\"globefarer_core_blog_list.default\">\n\t\t\t\t<div class=\"elementor-widget-container\">\n\t\t\t\t\t<div class=\"qodef-shortcode qodef-m  qodef-blog qodef--list qodef-item-layout--standard qodef-hover-animation--no qodef-grid qodef-layout--columns  qodef-gutter--normal qodef-col-num--2 qodef-item-layout--standard qodef-pagination--on qodef-pagination-type--standard qodef-responsive--predefined qodef-swiper-pagination--on\" data-options=\"{&quot;plugin&quot;:&quot;globefarer_core&quot;,&quot;module&quot;:&quot;blog\\\/shortcodes&quot;,&quot;shortcode&quot;:&quot;blog-list&quot;,&quot;post_type&quot;:&quot;post&quot;,&quot;next_page&quot;:&quot;2&quot;,&quot;max_pages_num&quot;:1,&quot;behavior&quot;:&quot;columns&quot;,&quot;images_proportion&quot;:&quot;full&quot;,&quot;columns&quot;:&quot;2&quot;,&quot;columns_responsive&quot;:&quot;predefined&quot;,&quot;columns_1440&quot;:&quot;3&quot;,&quot;columns_1366&quot;:&quot;3&quot;,&quot;columns_1024&quot;:&quot;3&quot;,&quot;columns_768&quot;:&quot;3&quot;,&quot;columns_680&quot;:&quot;3&quot;,&quot;columns_480&quot;:&quot;3&quot;,&quot;space&quot;:&quot;normal&quot;,&quot;posts_per_page&quot;:&quot;6&quot;,&quot;orderby&quot;:&quot;date&quot;,&quot;order&quot;:&quot;DESC&quot;,&quot;layout&quot;:&quot;standard&quot;,&quot;title_tag&quot;:&quot;h2&quot;,&quot;excerpt_length&quot;:&quot;400&quot;,&quot;button_text&quot;:&quot;Leer m\\u00e1s&quot;,&quot;line_break_positions&quot;:&quot;2&quot;,&quot;hover_animation&quot;:&quot;no&quot;,&quot;pagination_type&quot;:&quot;standard&quot;,&quot;object_class_name&quot;:&quot;GlobeFarerCore_Blog_List_Shortcode&quot;,&quot;taxonomy_filter&quot;:&quot;category&quot;,&quot;additional_query_args&quot;:[],&quot;space_value&quot;:15}\">\n\t\t<div class=\"qodef-grid-inner clear\">\n\t\t<article class=\"qodef-e qodef-blog-item qodef-grid-item qodef-item--full post-13537 post type-post status-publish format-standard has-post-thumbnail hentry category-sin-categorizar\">\n\t<div class=\"qodef-e-inner\">\n\t\t<div class=\"qodef-e-media\">\n\t\t<div class=\"qodef-e-media-image\">\n\t\t<a itemprop=\"url\" href=\"https:\/\/lfjglobal.com\/ca\/2026\/01\/08\/laforja-sistemas-se-transforma-en-lfj-una-nueva-etapa-con-identidad-renovada\/\">\n\t\t\t<img fetchpriority=\"high\" decoding=\"async\" width=\"900\" height=\"528\" src=\"https:\/\/lfjglobal.com\/wp-content\/uploads\/2026\/01\/blog-900x528-LFJ-rebranding-1.png\" class=\"attachment-full size-full wp-post-image\" alt=\"\" srcset=\"https:\/\/lfjglobal.com\/wp-content\/uploads\/2026\/01\/blog-900x528-LFJ-rebranding-1.png 900w, https:\/\/lfjglobal.com\/wp-content\/uploads\/2026\/01\/blog-900x528-LFJ-rebranding-1-300x176.png 300w, https:\/\/lfjglobal.com\/wp-content\/uploads\/2026\/01\/blog-900x528-LFJ-rebranding-1-768x451.png 768w\" sizes=\"(max-width: 900px) 100vw, 900px\" \/>\t\t<\/a>\n\t<\/div>\n<\/div>\n\t\t<div class=\"qodef-e-content\">\n\t\t\t<div class=\"qodef-e-top-holder\">\n\t\t\t\t<div class=\"qodef-e-info\">\n\t\t\t\t\t<a itemprop=\"dateCreated\" href=\"https:\/\/lfjglobal.com\/ca\/2026\/01\/\" class=\"entry-date \">\n\t8 de gener de 2026<\/a><div class=\"qodef-info-separator-end\"><\/div><a href=\"https:\/\/lfjglobal.com\/ca\/category\/sin-categorizar\/\" rel=\"tag\">Sin categorizar<\/a><div class=\"qodef-info-separator-end\"><\/div>\t\t\t\t<\/div>\n\t\t\t<\/div>\n\t\t\t<div class=\"qodef-e-text\">\n\t\t\t\t<h2 itemprop=\"name\" class=\"qodef-e-title entry-title\">\n\t\t\t<a itemprop=\"url\" class=\"qodef-e-title-link\" href=\"https:\/\/lfjglobal.com\/ca\/2026\/01\/08\/laforja-sistemas-se-transforma-en-lfj-una-nueva-etapa-con-identidad-renovada\/\">\n\t\t\tLaforja Sistemas se transforma en LFJ: una nueva etapa con identidad renovada\t\t\t<\/a>\n\t<\/h2>\n\t\t<p itemprop=\"description\" class=\"qodef-e-excerpt\">Queremos compartir un momento importante en la trayectoria de nuestra empresa: Laforja Sistemas se renueva y estrena identidad de marca como LFJ. Tras m\u00e1s de 30 a\u00f1os dedicados a la comunicaci\u00f3n digital y a soluciones tecnol\u00f3gicas, este cambio refleja nuestra evoluci\u00f3n y refuerza nuestro compromiso con la innovaci\u00f3n y la calidad. Un cambio que refleja [&hellip;]<\/p>\n\t\t\t\t\t<\/div>\n\t\t\t<div class=\"qodef-e-bottom-holder\">\n\t\t\t\t\t\t<div class=\"qodef-e-read-more\">\n\t\t<a class=\"qodef-shortcode qodef-m  qodef-button qodef-layout--textual  qodef-html--link\" href=\"https:\/\/lfjglobal.com\/ca\/2026\/01\/08\/laforja-sistemas-se-transforma-en-lfj-una-nueva-etapa-con-identidad-renovada\/\" target=\"_self\"  >\t\t\t<span class=\"qodef-m-button-icon\"><svg class=\"qodef-svg--plus\" xmlns=\"http:\/\/www.w3.org\/2000\/svg\" xmlns:xlink=\"http:\/\/www.w3.org\/1999\/xlink\" width=\"14\" height=\"14\" viewBox=\"0 0 14 14\"><path class=\"qodef-m-horizontal\" d=\"M0,0H14V2H0Z\" transform=\"translate(0 6)\" \/><path class=\"qodef-m-vertical\" d=\"M0,0H2V14H0Z\" transform=\"translate(6)\" \/><\/svg><\/span>\t\t\t\t<span class=\"qodef-m-button-text\">Leer m\u00e1s<br \/><\/span>\t<\/a>\t<\/div>\n\t\t\t<\/div>\n\t\t<\/div>\n\t<\/div>\n<\/article>\n<article class=\"qodef-e qodef-blog-item qodef-grid-item qodef-item--full post-13545 post type-post status-publish format-standard has-post-thumbnail hentry category-sin-categorizar\">\n\t<div class=\"qodef-e-inner\">\n\t\t<div class=\"qodef-e-media\">\n\t\t<div class=\"qodef-e-media-image\">\n\t\t<a itemprop=\"url\" href=\"https:\/\/lfjglobal.com\/ca\/2025\/12\/22\/recibimos-la-visita-de-estudiantes-de-4o-de-publicidad-y-relaciones-publicas-de-la-universitat-rovira-i-virgili\/\">\n\t\t\t<img decoding=\"async\" width=\"900\" height=\"528\" src=\"https:\/\/lfjglobal.com\/wp-content\/uploads\/2026\/01\/blog-900x528-visita-Rovira-i-Virgili.png\" class=\"attachment-full size-full wp-post-image\" alt=\"\" srcset=\"https:\/\/lfjglobal.com\/wp-content\/uploads\/2026\/01\/blog-900x528-visita-Rovira-i-Virgili.png 900w, https:\/\/lfjglobal.com\/wp-content\/uploads\/2026\/01\/blog-900x528-visita-Rovira-i-Virgili-300x176.png 300w, https:\/\/lfjglobal.com\/wp-content\/uploads\/2026\/01\/blog-900x528-visita-Rovira-i-Virgili-768x451.png 768w\" sizes=\"(max-width: 900px) 100vw, 900px\" \/>\t\t<\/a>\n\t<\/div>\n<\/div>\n\t\t<div class=\"qodef-e-content\">\n\t\t\t<div class=\"qodef-e-top-holder\">\n\t\t\t\t<div class=\"qodef-e-info\">\n\t\t\t\t\t<a itemprop=\"dateCreated\" href=\"https:\/\/lfjglobal.com\/ca\/2025\/12\/\" class=\"entry-date \">\n\t22 de desembre de 2025<\/a><div class=\"qodef-info-separator-end\"><\/div><a href=\"https:\/\/lfjglobal.com\/ca\/category\/sin-categorizar\/\" rel=\"tag\">Sin categorizar<\/a><div class=\"qodef-info-separator-end\"><\/div>\t\t\t\t<\/div>\n\t\t\t<\/div>\n\t\t\t<div class=\"qodef-e-text\">\n\t\t\t\t<h2 itemprop=\"name\" class=\"qodef-e-title entry-title\">\n\t\t\t<a itemprop=\"url\" class=\"qodef-e-title-link\" href=\"https:\/\/lfjglobal.com\/ca\/2025\/12\/22\/recibimos-la-visita-de-estudiantes-de-4o-de-publicidad-y-relaciones-publicas-de-la-universitat-rovira-i-virgili\/\">\n\t\t\tRecibimos la visita de estudiantes de 4\u00ba de Publicidad y Relaciones P\u00fablicas de la Universitat Rovira i Virgili\t\t\t<\/a>\n\t<\/h2>\n\t\t<p itemprop=\"description\" class=\"qodef-e-excerpt\">Hace unos d\u00edas tuvimos el placer de recibir en nuestras oficinas a un grupo de estudiantes de 4\u00ba de Publicidad y Relaciones P\u00fablicas de la Universitat Rovira i Virgili, que est\u00e1n elaborando su Trabajo de Fin de Grado centrado en la comunicaci\u00f3n interna en empresas de los sectores industrial y creativo. Esta visita fue una [&hellip;]<\/p>\n\t\t\t\t\t<\/div>\n\t\t\t<div class=\"qodef-e-bottom-holder\">\n\t\t\t\t\t\t<div class=\"qodef-e-read-more\">\n\t\t<a class=\"qodef-shortcode qodef-m  qodef-button qodef-layout--textual  qodef-html--link\" href=\"https:\/\/lfjglobal.com\/ca\/2025\/12\/22\/recibimos-la-visita-de-estudiantes-de-4o-de-publicidad-y-relaciones-publicas-de-la-universitat-rovira-i-virgili\/\" target=\"_self\"  >\t\t\t<span class=\"qodef-m-button-icon\"><svg class=\"qodef-svg--plus\" xmlns=\"http:\/\/www.w3.org\/2000\/svg\" xmlns:xlink=\"http:\/\/www.w3.org\/1999\/xlink\" width=\"14\" height=\"14\" viewBox=\"0 0 14 14\"><path class=\"qodef-m-horizontal\" d=\"M0,0H14V2H0Z\" transform=\"translate(0 6)\" \/><path class=\"qodef-m-vertical\" d=\"M0,0H2V14H0Z\" transform=\"translate(6)\" \/><\/svg><\/span>\t\t\t\t<span class=\"qodef-m-button-text\">Leer m\u00e1s<br \/><\/span>\t<\/a>\t<\/div>\n\t\t\t<\/div>\n\t\t<\/div>\n\t<\/div>\n<\/article>\n<article class=\"qodef-e qodef-blog-item qodef-grid-item qodef-item--full post-13549 post type-post status-publish format-standard has-post-thumbnail hentry category-sin-categorizar\">\n\t<div class=\"qodef-e-inner\">\n\t\t<div class=\"qodef-e-media\">\n\t\t<div class=\"qodef-e-media-image\">\n\t\t<a itemprop=\"url\" href=\"https:\/\/lfjglobal.com\/ca\/2025\/04\/25\/hola-mundo\/\">\n\t\t\t<img decoding=\"async\" width=\"900\" height=\"531\" src=\"https:\/\/lfjglobal.com\/wp-content\/uploads\/2025\/04\/blog-900x528-10-ideas-clave-ok.png\" class=\"attachment-full size-full wp-post-image\" alt=\"\" srcset=\"https:\/\/lfjglobal.com\/wp-content\/uploads\/2025\/04\/blog-900x528-10-ideas-clave-ok.png 900w, https:\/\/lfjglobal.com\/wp-content\/uploads\/2025\/04\/blog-900x528-10-ideas-clave-ok-300x177.png 300w, https:\/\/lfjglobal.com\/wp-content\/uploads\/2025\/04\/blog-900x528-10-ideas-clave-ok-768x453.png 768w\" sizes=\"(max-width: 900px) 100vw, 900px\" \/>\t\t<\/a>\n\t<\/div>\n<\/div>\n\t\t<div class=\"qodef-e-content\">\n\t\t\t<div class=\"qodef-e-top-holder\">\n\t\t\t\t<div class=\"qodef-e-info\">\n\t\t\t\t\t<a itemprop=\"dateCreated\" href=\"https:\/\/lfjglobal.com\/ca\/2025\/04\/\" class=\"entry-date \">\n\t25 d'abril de 2025<\/a><div class=\"qodef-info-separator-end\"><\/div><a href=\"https:\/\/lfjglobal.com\/ca\/category\/sin-categorizar\/\" rel=\"tag\">Sin categorizar<\/a><div class=\"qodef-info-separator-end\"><\/div>\t\t\t\t<\/div>\n\t\t\t<\/div>\n\t\t\t<div class=\"qodef-e-text\">\n\t\t\t\t<h2 itemprop=\"name\" class=\"qodef-e-title entry-title\">\n\t\t\t<a itemprop=\"url\" class=\"qodef-e-title-link\" href=\"https:\/\/lfjglobal.com\/ca\/2025\/04\/25\/hola-mundo\/\">\n\t\t\t10 claves para una comunicaci\u00f3n m\u00e1s efectiva en tu carteler\u00eda digital\t\t\t<\/a>\n\t<\/h2>\n\t\t<p itemprop=\"description\" class=\"qodef-e-excerpt\">Desde LFJ queremos compartir contigo algunas recomendaciones para mantener una gesti\u00f3n eficaz del contenido en tus pantallas de carteler\u00eda digital. Cuando el contenido se gestiona correctamente, las pantallas se convierten en un verdadero punto de atracci\u00f3n: logran captar la atenci\u00f3n inmediata y detener las miradas.Una buena planificaci\u00f3n de los mensajes no solo mejora el impacto [&hellip;]<\/p>\n\t\t\t\t\t<\/div>\n\t\t\t<div class=\"qodef-e-bottom-holder\">\n\t\t\t\t\t\t<div class=\"qodef-e-read-more\">\n\t\t<a class=\"qodef-shortcode qodef-m  qodef-button qodef-layout--textual  qodef-html--link\" href=\"https:\/\/lfjglobal.com\/ca\/2025\/04\/25\/hola-mundo\/\" target=\"_self\"  >\t\t\t<span class=\"qodef-m-button-icon\"><svg class=\"qodef-svg--plus\" xmlns=\"http:\/\/www.w3.org\/2000\/svg\" xmlns:xlink=\"http:\/\/www.w3.org\/1999\/xlink\" width=\"14\" height=\"14\" viewBox=\"0 0 14 14\"><path class=\"qodef-m-horizontal\" d=\"M0,0H14V2H0Z\" transform=\"translate(0 6)\" \/><path class=\"qodef-m-vertical\" d=\"M0,0H2V14H0Z\" transform=\"translate(6)\" \/><\/svg><\/span>\t\t\t\t<span class=\"qodef-m-button-text\">Leer m\u00e1s<br \/><\/span>\t<\/a>\t<\/div>\n\t\t\t<\/div>\n\t\t<\/div>\n\t<\/div>\n<\/article>\n<article class=\"qodef-e qodef-blog-item qodef-grid-item qodef-item--full post-13559 post type-post status-publish format-standard has-post-thumbnail hentry category-sin-categorizar\">\n\t<div class=\"qodef-e-inner\">\n\t\t<div class=\"qodef-e-media\">\n\t\t<div class=\"qodef-e-media-image\">\n\t\t<a itemprop=\"url\" href=\"https:\/\/lfjglobal.com\/ca\/2023\/11\/12\/10-anos-desde-que-mondelez-international-implanto-su-canal-de-comunicacion-interna-con-idsmedia\/\">\n\t\t\t<img loading=\"lazy\" decoding=\"async\" width=\"900\" height=\"528\" src=\"https:\/\/lfjglobal.com\/wp-content\/uploads\/2023\/11\/blog-900x528-testimonio-mondelez.png\" class=\"attachment-full size-full wp-post-image\" alt=\"\" srcset=\"https:\/\/lfjglobal.com\/wp-content\/uploads\/2023\/11\/blog-900x528-testimonio-mondelez.png 900w, https:\/\/lfjglobal.com\/wp-content\/uploads\/2023\/11\/blog-900x528-testimonio-mondelez-300x176.png 300w, https:\/\/lfjglobal.com\/wp-content\/uploads\/2023\/11\/blog-900x528-testimonio-mondelez-768x451.png 768w\" sizes=\"(max-width: 900px) 100vw, 900px\" \/>\t\t<\/a>\n\t<\/div>\n<\/div>\n\t\t<div class=\"qodef-e-content\">\n\t\t\t<div class=\"qodef-e-top-holder\">\n\t\t\t\t<div class=\"qodef-e-info\">\n\t\t\t\t\t<a itemprop=\"dateCreated\" href=\"https:\/\/lfjglobal.com\/ca\/2023\/11\/\" class=\"entry-date \">\n\t12 de novembre de 2023<\/a><div class=\"qodef-info-separator-end\"><\/div><a href=\"https:\/\/lfjglobal.com\/ca\/category\/sin-categorizar\/\" rel=\"tag\">Sin categorizar<\/a><div class=\"qodef-info-separator-end\"><\/div>\t\t\t\t<\/div>\n\t\t\t<\/div>\n\t\t\t<div class=\"qodef-e-text\">\n\t\t\t\t<h2 itemprop=\"name\" class=\"qodef-e-title entry-title\">\n\t\t\t<a itemprop=\"url\" class=\"qodef-e-title-link\" href=\"https:\/\/lfjglobal.com\/ca\/2023\/11\/12\/10-anos-desde-que-mondelez-international-implanto-su-canal-de-comunicacion-interna-con-idsmedia\/\">\n\t\t\t10 a\u00f1os desde que Mondelez International implant\u00f3 su Canal de Comunicaci\u00f3n Interna con IDSmedia\t\t\t<\/a>\n\t<\/h2>\n\t\t<p itemprop=\"description\" class=\"qodef-e-excerpt\">M\u00e1s de una d\u00e9cada despu\u00e9s de poner en marcha su Canal de Comunicaci\u00f3n Interna con IDSmedia, Mondelez International sigue apostando por la innovaci\u00f3n en la forma de comunicar con sus empleados. Hablamos con Patricia Bernal, Responsable de Comunicaci\u00f3n y Desarrollo, para conocer c\u00f3mo esta herramienta ha contribuido a fortalecer la cultura corporativa y mantener a [&hellip;]<\/p>\n\t\t\t\t\t<\/div>\n\t\t\t<div class=\"qodef-e-bottom-holder\">\n\t\t\t\t\t\t<div class=\"qodef-e-read-more\">\n\t\t<a class=\"qodef-shortcode qodef-m  qodef-button qodef-layout--textual  qodef-html--link\" href=\"https:\/\/lfjglobal.com\/ca\/2023\/11\/12\/10-anos-desde-que-mondelez-international-implanto-su-canal-de-comunicacion-interna-con-idsmedia\/\" target=\"_self\"  >\t\t\t<span class=\"qodef-m-button-icon\"><svg class=\"qodef-svg--plus\" xmlns=\"http:\/\/www.w3.org\/2000\/svg\" xmlns:xlink=\"http:\/\/www.w3.org\/1999\/xlink\" width=\"14\" height=\"14\" viewBox=\"0 0 14 14\"><path class=\"qodef-m-horizontal\" d=\"M0,0H14V2H0Z\" transform=\"translate(0 6)\" \/><path class=\"qodef-m-vertical\" d=\"M0,0H2V14H0Z\" transform=\"translate(6)\" \/><\/svg><\/span>\t\t\t\t<span class=\"qodef-m-button-text\">Leer m\u00e1s<br \/><\/span>\t<\/a>\t<\/div>\n\t\t\t<\/div>\n\t\t<\/div>\n\t<\/div>\n<\/article>\n<article class=\"qodef-e qodef-blog-item qodef-grid-item qodef-item--full post-13565 post type-post status-publish format-standard has-post-thumbnail hentry category-sin-categorizar\">\n\t<div class=\"qodef-e-inner\">\n\t\t<div class=\"qodef-e-media\">\n\t\t<div class=\"qodef-e-media-image\">\n\t\t<a itemprop=\"url\" href=\"https:\/\/lfjglobal.com\/ca\/2023\/10\/15\/inauguracion-de-la-nueva-estacion-de-autobuses-de-logrono\/\">\n\t\t\t<img loading=\"lazy\" decoding=\"async\" width=\"900\" height=\"528\" src=\"https:\/\/lfjglobal.com\/wp-content\/uploads\/2023\/10\/blog-900x528-clientes-estacion-autobuses-logrono.png\" class=\"attachment-full size-full wp-post-image\" alt=\"\" srcset=\"https:\/\/lfjglobal.com\/wp-content\/uploads\/2023\/10\/blog-900x528-clientes-estacion-autobuses-logrono.png 900w, https:\/\/lfjglobal.com\/wp-content\/uploads\/2023\/10\/blog-900x528-clientes-estacion-autobuses-logrono-300x176.png 300w, https:\/\/lfjglobal.com\/wp-content\/uploads\/2023\/10\/blog-900x528-clientes-estacion-autobuses-logrono-768x451.png 768w\" sizes=\"(max-width: 900px) 100vw, 900px\" \/>\t\t<\/a>\n\t<\/div>\n<\/div>\n\t\t<div class=\"qodef-e-content\">\n\t\t\t<div class=\"qodef-e-top-holder\">\n\t\t\t\t<div class=\"qodef-e-info\">\n\t\t\t\t\t<a itemprop=\"dateCreated\" href=\"https:\/\/lfjglobal.com\/ca\/2023\/10\/\" class=\"entry-date \">\n\t15 d'octubre de 2023<\/a><div class=\"qodef-info-separator-end\"><\/div><a href=\"https:\/\/lfjglobal.com\/ca\/category\/sin-categorizar\/\" rel=\"tag\">Sin categorizar<\/a><div class=\"qodef-info-separator-end\"><\/div>\t\t\t\t<\/div>\n\t\t\t<\/div>\n\t\t\t<div class=\"qodef-e-text\">\n\t\t\t\t<h2 itemprop=\"name\" class=\"qodef-e-title entry-title\">\n\t\t\t<a itemprop=\"url\" class=\"qodef-e-title-link\" href=\"https:\/\/lfjglobal.com\/ca\/2023\/10\/15\/inauguracion-de-la-nueva-estacion-de-autobuses-de-logrono\/\">\n\t\t\tInauguraci\u00f3n de la nueva estaci\u00f3n de autobuses de Logro\u00f1o\t\t\t<\/a>\n\t<\/h2>\n\t\t<p itemprop=\"description\" class=\"qodef-e-excerpt\">El pasado 6 de octubre se inaugur\u00f3 oficialmente la nueva estaci\u00f3n de autobuses de Logro\u00f1o, en un acto presidido por las autoridades locales y regionales.LFJ fue seleccionada por Telef\u00f3nica para desarrollar el lote de sistemas de informaci\u00f3n al viajero y control de movimientos, implementando su tecnolog\u00eda IDSbus. \ud83c\udfa5 Gran pantalla LED en el acceso principal [&hellip;]<\/p>\n\t\t\t\t\t<\/div>\n\t\t\t<div class=\"qodef-e-bottom-holder\">\n\t\t\t\t\t\t<div class=\"qodef-e-read-more\">\n\t\t<a class=\"qodef-shortcode qodef-m  qodef-button qodef-layout--textual  qodef-html--link\" href=\"https:\/\/lfjglobal.com\/ca\/2023\/10\/15\/inauguracion-de-la-nueva-estacion-de-autobuses-de-logrono\/\" target=\"_self\"  >\t\t\t<span class=\"qodef-m-button-icon\"><svg class=\"qodef-svg--plus\" xmlns=\"http:\/\/www.w3.org\/2000\/svg\" xmlns:xlink=\"http:\/\/www.w3.org\/1999\/xlink\" width=\"14\" height=\"14\" viewBox=\"0 0 14 14\"><path class=\"qodef-m-horizontal\" d=\"M0,0H14V2H0Z\" transform=\"translate(0 6)\" \/><path class=\"qodef-m-vertical\" d=\"M0,0H2V14H0Z\" transform=\"translate(6)\" \/><\/svg><\/span>\t\t\t\t<span class=\"qodef-m-button-text\">Leer m\u00e1s<br \/><\/span>\t<\/a>\t<\/div>\n\t\t\t<\/div>\n\t\t<\/div>\n\t<\/div>\n<\/article>\n<article class=\"qodef-e qodef-blog-item qodef-grid-item qodef-item--full post-13581 post type-post status-publish format-standard has-post-thumbnail hentry category-sin-categorizar\">\n\t<div class=\"qodef-e-inner\">\n\t\t<div class=\"qodef-e-media\">\n\t\t<div class=\"qodef-e-media-image\">\n\t\t<a itemprop=\"url\" href=\"https:\/\/lfjglobal.com\/ca\/2022\/07\/08\/fgc-amplia-su-canal-de-pantallas-para-reforzar-la-comunicacion-interna\/\">\n\t\t\t<img loading=\"lazy\" decoding=\"async\" width=\"900\" height=\"528\" src=\"https:\/\/lfjglobal.com\/wp-content\/uploads\/2022\/07\/blog-900x528-clientes-FGC.png\" class=\"attachment-full size-full wp-post-image\" alt=\"\" srcset=\"https:\/\/lfjglobal.com\/wp-content\/uploads\/2022\/07\/blog-900x528-clientes-FGC.png 900w, https:\/\/lfjglobal.com\/wp-content\/uploads\/2022\/07\/blog-900x528-clientes-FGC-300x176.png 300w, https:\/\/lfjglobal.com\/wp-content\/uploads\/2022\/07\/blog-900x528-clientes-FGC-768x451.png 768w\" sizes=\"(max-width: 900px) 100vw, 900px\" \/>\t\t<\/a>\n\t<\/div>\n<\/div>\n\t\t<div class=\"qodef-e-content\">\n\t\t\t<div class=\"qodef-e-top-holder\">\n\t\t\t\t<div class=\"qodef-e-info\">\n\t\t\t\t\t<a itemprop=\"dateCreated\" href=\"https:\/\/lfjglobal.com\/ca\/2022\/07\/\" class=\"entry-date \">\n\t8 de juliol de 2022<\/a><div class=\"qodef-info-separator-end\"><\/div><a href=\"https:\/\/lfjglobal.com\/ca\/category\/sin-categorizar\/\" rel=\"tag\">Sin categorizar<\/a><div class=\"qodef-info-separator-end\"><\/div>\t\t\t\t<\/div>\n\t\t\t<\/div>\n\t\t\t<div class=\"qodef-e-text\">\n\t\t\t\t<h2 itemprop=\"name\" class=\"qodef-e-title entry-title\">\n\t\t\t<a itemprop=\"url\" class=\"qodef-e-title-link\" href=\"https:\/\/lfjglobal.com\/ca\/2022\/07\/08\/fgc-amplia-su-canal-de-pantallas-para-reforzar-la-comunicacion-interna\/\">\n\t\t\tFGC ampl\u00eda su Canal de Pantallas para reforzar la Comunicaci\u00f3n Interna\t\t\t<\/a>\n\t<\/h2>\n\t\t<p itemprop=\"description\" class=\"qodef-e-excerpt\">El gran desaf\u00edo de la Comunicaci\u00f3n Interna es lograr que sea realmente atractiva y aporte valor a los empleados. En Ferrocarrils de la Generalitat de Catalunya (FGC), empresa que gestiona servicios de transporte ferroviario y actividades tur\u00edsticas, llevan a\u00f1os trabajando en esta direcci\u00f3n. Hace ya cuatro a\u00f1os, FGC decidi\u00f3 implantar un Canal de Comunicaci\u00f3n Interna [&hellip;]<\/p>\n\t\t\t\t\t<\/div>\n\t\t\t<div class=\"qodef-e-bottom-holder\">\n\t\t\t\t\t\t<div class=\"qodef-e-read-more\">\n\t\t<a class=\"qodef-shortcode qodef-m  qodef-button qodef-layout--textual  qodef-html--link\" href=\"https:\/\/lfjglobal.com\/ca\/2022\/07\/08\/fgc-amplia-su-canal-de-pantallas-para-reforzar-la-comunicacion-interna\/\" target=\"_self\"  >\t\t\t<span class=\"qodef-m-button-icon\"><svg class=\"qodef-svg--plus\" xmlns=\"http:\/\/www.w3.org\/2000\/svg\" xmlns:xlink=\"http:\/\/www.w3.org\/1999\/xlink\" width=\"14\" height=\"14\" viewBox=\"0 0 14 14\"><path class=\"qodef-m-horizontal\" d=\"M0,0H14V2H0Z\" transform=\"translate(0 6)\" \/><path class=\"qodef-m-vertical\" d=\"M0,0H2V14H0Z\" transform=\"translate(6)\" \/><\/svg><\/span>\t\t\t\t<span class=\"qodef-m-button-text\">Leer m\u00e1s<br \/><\/span>\t<\/a>\t<\/div>\n\t\t\t<\/div>\n\t\t<\/div>\n\t<\/div>\n<\/article>\n\t<\/div>\n\t<\/div>\n\t\t\t\t<\/div>\n\t\t\t\t<\/div>\n\t\t\t\t\t<\/div>\n\t\t<\/div>\n\t\t\t\t\t<\/div>\n\t\t<\/section>\n\t\t\t\t<\/div>\n\t\t","protected":false},"excerpt":{"rendered":"<p>\u00daltimes not\u00edcies No posts were found for provided query parameters.<\/p>\n","protected":false},"author":1,"featured_media":0,"parent":0,"menu_order":0,"comment_status":"closed","ping_status":"closed","template":"page-full-width.php","meta":{"footnotes":""},"class_list":["post-12623","page","type-page","status-publish","hentry"],"_links":{"self":[{"href":"https:\/\/lfjglobal.com\/ca\/wp-json\/wp\/v2\/pages\/12623","targetHints":{"allow":["GET"]}}],"collection":[{"href":"https:\/\/lfjglobal.com\/ca\/wp-json\/wp\/v2\/pages"}],"about":[{"href":"https:\/\/lfjglobal.com\/ca\/wp-json\/wp\/v2\/types\/page"}],"author":[{"embeddable":true,"href":"https:\/\/lfjglobal.com\/ca\/wp-json\/wp\/v2\/users\/1"}],"replies":[{"embeddable":true,"href":"https:\/\/lfjglobal.com\/ca\/wp-json\/wp\/v2\/comments?post=12623"}],"version-history":[{"count":3,"href":"https:\/\/lfjglobal.com\/ca\/wp-json\/wp\/v2\/pages\/12623\/revisions"}],"predecessor-version":[{"id":12634,"href":"https:\/\/lfjglobal.com\/ca\/wp-json\/wp\/v2\/pages\/12623\/revisions\/12634"}],"wp:attachment":[{"href":"https:\/\/lfjglobal.com\/ca\/wp-json\/wp\/v2\/media?parent=12623"}],"curies":[{"name":"wp","href":"https:\/\/api.w.org\/{rel}","templated":true}]}}